{"id":60,"date":"2024-02-07T20:52:27","date_gmt":"2024-02-07T19:52:27","guid":{"rendered":"https:\/\/alonxadasflores.com\/?page_id=60"},"modified":"2024-03-04T19:06:34","modified_gmt":"2024-03-04T18:06:34","slug":"contacto","status":"publish","type":"page","link":"https:\/\/alonxadasflores.com\/index.php\/contacto\/","title":{"rendered":"Contacto"},"content":{"rendered":"\n<p>A continuaci\u00f3n, os dejamos un formulario para que dej\u00e9is vuestras consultas, que ser\u00e1n contestadas lo antes posible.<\/p>\n\n\n<style id=\"wpforms-css-vars-96-block-bea32f9a-cb58-40ed-b3b6-e65ec14434b3\">\n\t\t\t\t#wpforms-96.wpforms-block-bea32f9a-cb58-40ed-b3b6-e65ec14434b3 {\n\t\t\t\t--wpforms-field-border-color: #000000;\n--wpforms-field-border-color-spare: #000000;\n--wpforms-field-text-color: #000000;\n--wpforms-label-color: #ffffff;\n--wpforms-label-sublabel-color: #ffffff;\n--wpforms-label-error-color: #cf2e2e;\n--wpforms-button-background-color: #ffffff;\n--wpforms-button-text-color: #000000;\n--wpforms-button-size-font-size: 20px;\n--wpforms-button-size-height: 48px;\n--wpforms-button-size-padding-h: 20px;\n--wpforms-button-size-margin-top: 15px;\n\t\t\t}\n\t\t\t<\/style><div class=\"wpforms-container wpforms-container-full wpforms-block wpforms-block-bea32f9a-cb58-40ed-b3b6-e65ec14434b3 wpforms-render-modern\" id=\"wpforms-96\"><form id=\"wpforms-form-96\" class=\"wpforms-validate wpforms-form wpforms-ajax-form\" data-formid=\"96\" method=\"post\" enctype=\"multipart\/form-data\" action=\"\/index.php\/wp-json\/wp\/v2\/pages\/60\" data-token=\"20730906f0e8e406819584ac1537a48e\" data-token-time=\"1775454785\"><noscript class=\"wpforms-error-noscript\">Por favor, activa JavaScript en tu navegador para completar este formulario.<\/noscript><div id=\"wpforms-error-noscript\" style=\"display: none;\">Por favor, activa JavaScript en tu navegador para completar este formulario.<\/div><div class=\"wpforms-field-container\"><div id=\"wpforms-96-field_0-container\" class=\"wpforms-field wpforms-field-name\" data-field-id=\"0\"><fieldset><legend class=\"wpforms-field-label\">Nombre <span class=\"wpforms-required-label\" aria-hidden=\"true\">*<\/span><\/legend><div class=\"wpforms-field-row wpforms-field-medium\"><div class=\"wpforms-field-row-block wpforms-first wpforms-one-half\"><input type=\"text\" id=\"wpforms-96-field_0\" class=\"wpforms-field-name-first wpforms-field-required\" name=\"wpforms[fields][0][first]\" aria-errormessage=\"wpforms-96-field_0-error\" required><label for=\"wpforms-96-field_0\" class=\"wpforms-field-sublabel after\">Nombre<\/label><\/div><div class=\"wpforms-field-row-block wpforms-one-half\"><input type=\"text\" id=\"wpforms-96-field_0-last\" class=\"wpforms-field-name-last wpforms-field-required\" name=\"wpforms[fields][0][last]\" aria-errormessage=\"wpforms-96-field_0-last-error\" required><label for=\"wpforms-96-field_0-last\" class=\"wpforms-field-sublabel after\">Apellidos<\/label><\/div><\/div><\/fieldset><\/div><div id=\"wpforms-96-field_1-container\" class=\"wpforms-field wpforms-field-email\" data-field-id=\"1\"><label class=\"wpforms-field-label\" for=\"wpforms-96-field_1\">Correo electr\u00f3nico <span class=\"wpforms-required-label\" aria-hidden=\"true\">*<\/span><\/label><input type=\"email\" id=\"wpforms-96-field_1\" class=\"wpforms-field-medium wpforms-field-required\" name=\"wpforms[fields][1]\" spellcheck=\"false\" aria-errormessage=\"wpforms-96-field_1-error\" required><\/div><div id=\"wpforms-96-field_4-container\" class=\"wpforms-field wpforms-field-text\" data-field-id=\"4\"><label class=\"wpforms-field-label\" for=\"wpforms-96-field_4\">N\u00famero de tel\u00e9fono<\/label><input type=\"text\" id=\"wpforms-96-field_4\" class=\"wpforms-field-medium\" name=\"wpforms[fields][4]\" aria-errormessage=\"wpforms-96-field_4-error\" ><\/div><div id=\"wpforms-96-field_2-container\" class=\"wpforms-field wpforms-field-textarea\" data-field-id=\"2\"><label class=\"wpforms-field-label\" for=\"wpforms-96-field_2\">Comentario o mensaje<\/label><textarea id=\"wpforms-96-field_2\" class=\"wpforms-field-medium\" name=\"wpforms[fields][2]\" aria-errormessage=\"wpforms-96-field_2-error\" ><\/textarea><\/div><\/div><!-- .wpforms-field-container --><div class=\"wpforms-submit-container\" ><input type=\"hidden\" name=\"wpforms[id]\" value=\"96\"><input type=\"hidden\" name=\"page_title\" value=\"\"><input type=\"hidden\" name=\"page_url\" value=\"https:\/\/alonxadasflores.com\/index.php\/wp-json\/wp\/v2\/pages\/60\"><input type=\"hidden\" name=\"url_referer\" value=\"\"><button type=\"submit\" name=\"wpforms[submit]\" id=\"wpforms-submit-96\" class=\"wpforms-submit\" data-alt-text=\"Enviando...\" data-submit-text=\"Enviar\" aria-live=\"assertive\" value=\"wpforms-submit\">Enviar<\/button><img loading=\"lazy\" decoding=\"async\" src=\"https:\/\/alonxadasflores.com\/wp-content\/plugins\/wpforms-lite\/assets\/images\/submit-spin.svg\" class=\"wpforms-submit-spinner\" style=\"display: none;\" width=\"26\" height=\"26\" alt=\"Cargando\"><\/div><\/form><\/div>  <!-- .wpforms-container -->\n\n","protected":false},"excerpt":{"rendered":"<p>A continuaci\u00f3n, os dejamos un formulario para que dej\u00e9is vuestras consultas, que ser\u00e1n contestadas lo antes posible.<\/p>\n","protected":false},"author":1,"featured_media":145,"parent":0,"menu_order":0,"comment_status":"closed","ping_status":"closed","template":"","meta":{"om_disable_all_campaigns":false,"_monsterinsights_skip_tracking":false,"_monsterinsights_sitenote_active":false,"_monsterinsights_sitenote_note":"","_monsterinsights_sitenote_category":0,"footnotes":""},"class_list":["post-60","page","type-page","status-publish","has-post-thumbnail","hentry"],"aioseo_notices":[],"_links":{"self":[{"href":"https:\/\/alonxadasflores.com\/index.php\/wp-json\/wp\/v2\/pages\/60","targetHints":{"allow":["GET"]}}],"collection":[{"href":"https:\/\/alonxadasflores.com\/index.php\/wp-json\/wp\/v2\/pages"}],"about":[{"href":"https:\/\/alonxadasflores.com\/index.php\/wp-json\/wp\/v2\/types\/page"}],"author":[{"embeddable":true,"href":"https:\/\/alonxadasflores.com\/index.php\/wp-json\/wp\/v2\/users\/1"}],"replies":[{"embeddable":true,"href":"https:\/\/alonxadasflores.com\/index.php\/wp-json\/wp\/v2\/comments?post=60"}],"version-history":[{"count":13,"href":"https:\/\/alonxadasflores.com\/index.php\/wp-json\/wp\/v2\/pages\/60\/revisions"}],"predecessor-version":[{"id":161,"href":"https:\/\/alonxadasflores.com\/index.php\/wp-json\/wp\/v2\/pages\/60\/revisions\/161"}],"wp:featuredmedia":[{"embeddable":true,"href":"https:\/\/alonxadasflores.com\/index.php\/wp-json\/wp\/v2\/media\/145"}],"wp:attachment":[{"href":"https:\/\/alonxadasflores.com\/index.php\/wp-json\/wp\/v2\/media?parent=60"}],"curies":[{"name":"wp","href":"https:\/\/api.w.org\/{rel}","templated":true}]}}