{"id":59,"date":"2024-02-07T20:52:27","date_gmt":"2024-02-07T19:52:27","guid":{"rendered":"https:\/\/alonxadasflores.com\/?page_id=59"},"modified":"2024-03-04T18:59:25","modified_gmt":"2024-03-04T17:59:25","slug":"acerca-de","status":"publish","type":"page","link":"https:\/\/alonxadasflores.com\/index.php\/acerca-de\/","title":{"rendered":"Acerca de"},"content":{"rendered":"\n<p>Es un lugar que surge como plataforma de expresi\u00f3n del arte, a trav\u00e9s de las flores y plantas donde se crean elementos \u00fanicos.<\/p>\n","protected":false},"excerpt":{"rendered":"<p>Es un lugar que surge como plataforma de expresi\u00f3n del arte, a trav\u00e9s de las flores y plantas donde se crean elementos \u00fanicos.<\/p>\n","protected":false},"author":1,"featured_media":133,"parent":0,"menu_order":0,"comment_status":"closed","ping_status":"closed","template":"","meta":{"om_disable_all_campaigns":false,"_monsterinsights_skip_tracking":false,"_monsterinsights_sitenote_active":false,"_monsterinsights_sitenote_note":"","_monsterinsights_sitenote_category":0,"footnotes":""},"class_list":["post-59","page","type-page","status-publish","has-post-thumbnail","hentry"],"aioseo_notices":[],"_links":{"self":[{"href":"https:\/\/alonxadasflores.com\/index.php\/wp-json\/wp\/v2\/pages\/59","targetHints":{"allow":["GET"]}}],"collection":[{"href":"https:\/\/alonxadasflores.com\/index.php\/wp-json\/wp\/v2\/pages"}],"about":[{"href":"https:\/\/alonxadasflores.com\/index.php\/wp-json\/wp\/v2\/types\/page"}],"author":[{"embeddable":true,"href":"https:\/\/alonxadasflores.com\/index.php\/wp-json\/wp\/v2\/users\/1"}],"replies":[{"embeddable":true,"href":"https:\/\/alonxadasflores.com\/index.php\/wp-json\/wp\/v2\/comments?post=59"}],"version-history":[{"count":7,"href":"https:\/\/alonxadasflores.com\/index.php\/wp-json\/wp\/v2\/pages\/59\/revisions"}],"predecessor-version":[{"id":91,"href":"https:\/\/alonxadasflores.com\/index.php\/wp-json\/wp\/v2\/pages\/59\/revisions\/91"}],"wp:featuredmedia":[{"embeddable":true,"href":"https:\/\/alonxadasflores.com\/index.php\/wp-json\/wp\/v2\/media\/133"}],"wp:attachment":[{"href":"https:\/\/alonxadasflores.com\/index.php\/wp-json\/wp\/v2\/media?parent=59"}],"curies":[{"name":"wp","href":"https:\/\/api.w.org\/{rel}","templated":true}]}}